{"id":479,"date":"2024-06-14T03:34:53","date_gmt":"2024-06-14T03:34:53","guid":{"rendered":"https:\/\/yonyou.eu\/?page_id=479"},"modified":"2024-10-29T09:24:17","modified_gmt":"2024-10-29T09:24:17","slug":"grants","status":"publish","type":"page","link":"https:\/\/yonyou.eu\/hu\/grants\/","title":{"rendered":"T\u00e1mogat\u00e1sok"},"content":{"rendered":"<div data-elementor-type=\"wp-page\" data-elementor-id=\"479\" class=\"elementor elementor-479\" data-elementor-post-type=\"page\">\n\t\t\t\t<div class=\"elementor-element elementor-element-d718370 e-flex e-con-boxed e-con e-parent\" data-id=\"d718370\" data-element_type=\"container\" data-e-type=\"container\" data-settings=\"{&quot;background_background&quot;:&quot;classic&quot;}\">\n\t\t\t\t\t<div class=\"e-con-inner\">\n\t\t<div class=\"elementor-element elementor-element-1089160 e-con-full e-flex e-con e-child\" data-id=\"1089160\" data-element_type=\"container\" data-e-type=\"container\">\n\t\t\t\t<div class=\"elementor-element elementor-element-7f10757 elementor-widget elementor-widget-heading\" data-id=\"7f10757\" data-element_type=\"widget\" data-e-type=\"widget\" data-widget_type=\"heading.default\">\n\t\t\t\t<div class=\"elementor-widget-container\">\n\t\t\t\t\t<h6 class=\"elementor-heading-title elementor-size-default\">T\u00e1mogat\u00e1sok<\/h6>\t\t\t\t<\/div>\n\t\t\t\t<\/div>\n\t\t\t\t<div class=\"elementor-element elementor-element-64c27e1 elementor-widget__width-initial elementor-widget-tablet__width-inherit elementor-widget elementor-widget-heading\" data-id=\"64c27e1\" data-element_type=\"widget\" data-e-type=\"widget\" data-widget_type=\"heading.default\">\n\t\t\t\t<div class=\"elementor-widget-container\">\n\t\t\t\t\t<h1 class=\"elementor-heading-title elementor-size-default\">Nyisson meg \u00faj lehet\u0151s\u00e9geket t\u00e1mogat\u00e1si programjainkkal<\/h1>\t\t\t\t<\/div>\n\t\t\t\t<\/div>\n\t\t\t\t<\/div>\n\t\t\t\t\t<\/div>\n\t\t\t\t<\/div>\n\t\t<div class=\"elementor-element elementor-element-0a29e4b e-flex e-con-boxed e-con e-parent\" data-id=\"0a29e4b\" data-element_type=\"container\" data-e-type=\"container\">\n\t\t\t\t\t<div class=\"e-con-inner\">\n\t\t<div class=\"elementor-element elementor-element-94417a1 e-con-full e-flex e-con e-child\" data-id=\"94417a1\" data-element_type=\"container\" data-e-type=\"container\">\n\t\t\t\t<div class=\"elementor-element elementor-element-9ff2a2a elementor-widget__width-inherit elementor-widget elementor-widget-heading\" data-id=\"9ff2a2a\" data-element_type=\"widget\" data-e-type=\"widget\" data-widget_type=\"heading.default\">\n\t\t\t\t<div class=\"elementor-widget-container\">\n\t\t\t\t\t<h2 class=\"elementor-heading-title elementor-size-default\">T\u00e1mogat\u00e1sok<\/h2>\t\t\t\t<\/div>\n\t\t\t\t<\/div>\n\t\t<div class=\"elementor-element elementor-element-4a2a060 e-con-full e-flex e-con e-child\" data-id=\"4a2a060\" data-element_type=\"container\" data-e-type=\"container\">\n\t\t<div class=\"elementor-element elementor-element-fba350a e-con-full e-flex e-con e-child\" data-id=\"fba350a\" data-element_type=\"container\" data-e-type=\"container\" data-settings=\"{&quot;background_background&quot;:&quot;classic&quot;}\">\n\t\t\t\t<div class=\"elementor-element elementor-element-871a4df elementor-widget elementor-widget-heading\" data-id=\"871a4df\" data-element_type=\"widget\" data-e-type=\"widget\" data-widget_type=\"heading.default\">\n\t\t\t\t<div class=\"elementor-widget-container\">\n\t\t\t\t\t<h4 class=\"elementor-heading-title elementor-size-default\">1. V\u00e1llalkoz\u00e1sfejleszt\u00e9si t\u00e1mogat\u00e1s<\/h4>\t\t\t\t<\/div>\n\t\t\t\t<\/div>\n\t\t\t\t<div class=\"elementor-element elementor-element-63c92c3 elementor-widget elementor-widget-heading\" data-id=\"63c92c3\" data-element_type=\"widget\" data-e-type=\"widget\" data-widget_type=\"heading.default\">\n\t\t\t\t<div class=\"elementor-widget-container\">\n\t\t\t\t\t<h5 class=\"elementor-heading-title elementor-size-default\">Egy\u00fcttm\u0171k\u00f6d\u00e9sben az V\u00e1llalat Szingap\u00far-ral<\/h5>\t\t\t\t<\/div>\n\t\t\t\t<\/div>\n\t\t\t\t<div class=\"elementor-element elementor-element-76b7b12 post-content elementor-widget elementor-widget-text-editor\" data-id=\"76b7b12\" data-element_type=\"widget\" data-e-type=\"widget\" data-widget_type=\"text-editor.default\">\n\t\t\t\t<div class=\"elementor-widget-container\">\n\t\t\t\t\t\t\t\t\t<p class=\"translation-block\">The&nbsp;<a href=\"https:\/\/www.enterprisesg.gov.sg\/financial-support\/enterprise-development-grant\" target=\"_blank\" rel=\"noopener\">Enterprise Development Grant (EDG)<\/a>&nbsp;supports projects that help you upgrade, innovate, grow and transform your business. Submit your individual project proposals with details on your business plans and project outcomes to take your business further. EDG funds qualifying project costs namely third-party consultancy fees, software and equipment, and internal manpower cost.<\/p>\t\t\t\t\t\t\t\t<\/div>\n\t\t\t\t<\/div>\n\t\t\t\t<div class=\"elementor-element elementor-element-e3ebeb4 elementor-icon-list--layout-traditional elementor-list-item-link-full_width elementor-widget elementor-widget-icon-list\" data-id=\"e3ebeb4\" data-element_type=\"widget\" data-e-type=\"widget\" data-widget_type=\"icon-list.default\">\n\t\t\t\t<div class=\"elementor-widget-container\">\n\t\t\t\t\t\t\t<ul class=\"elementor-icon-list-items\">\n\t\t\t\t\t\t\t<li class=\"elementor-icon-list-item\">\n\t\t\t\t\t\t\t\t\t\t\t<span class=\"elementor-icon-list-icon\">\n\t\t\t\t\t\t\t<svg xmlns=\"http:\/\/www.w3.org\/2000\/svg\" width=\"20\" height=\"20\" viewbox=\"0 0 20 20\" fill=\"none\"><rect width=\"20\" height=\"20\" rx=\"10\" fill=\"#E60012\"><\/rect><path d=\"m15 7-6.875 7L5 10.8182\" stroke=\"#fff\" stroke-width=\"2\" stroke-linecap=\"round\" stroke-linejoin=\"round\"><\/path><\/svg>\t\t\t\t\t\t<\/span>\n\t\t\t\t\t\t\t\t\t\t<span class=\"elementor-icon-list-text\">Legfeljebb 501 TP3T elsz\u00e1molhat\u00f3 k\u00f6lts\u00e9g helyi kkv-k sz\u00e1m\u00e1ra<\/span>\n\t\t\t\t\t\t\t\t\t<\/li>\n\t\t\t\t\t\t<\/ul>\n\t\t\t\t\t\t<\/div>\n\t\t\t\t<\/div>\n\t\t\t\t<div class=\"elementor-element elementor-element-69a7bb1 elementor-widget elementor-widget-heading\" data-id=\"69a7bb1\" data-element_type=\"widget\" data-e-type=\"widget\" data-widget_type=\"heading.default\">\n\t\t\t\t<div class=\"elementor-widget-container\">\n\t\t\t\t\t<p class=\"elementor-heading-title elementor-size-default\">(Az V\u00e1llalat Szingap\u00far tov\u00e1bbi j\u00f3v\u00e1hagy\u00e1s\u00e1t\u00f3l f\u00fcgg\u0151en.)<\/p>\t\t\t\t<\/div>\n\t\t\t\t<\/div>\n\t\t\t\t<div class=\"elementor-element elementor-element-03dd622 elementor-widget-divider--view-line elementor-widget elementor-widget-divider\" data-id=\"03dd622\" data-element_type=\"widget\" data-e-type=\"widget\" data-widget_type=\"divider.default\">\n\t\t\t\t<div class=\"elementor-widget-container\">\n\t\t\t\t\t\t\t<div class=\"elementor-divider\">\n\t\t\t<span class=\"elementor-divider-separator\">\n\t\t\t\t\t\t<\/span>\n\t\t<\/div>\n\t\t\t\t\t\t<\/div>\n\t\t\t\t<\/div>\n\t\t\t\t<div class=\"elementor-element elementor-element-8bb37df elementor-widget elementor-widget-heading\" data-id=\"8bb37df\" data-element_type=\"widget\" data-e-type=\"widget\" data-widget_type=\"heading.default\">\n\t\t\t\t<div class=\"elementor-widget-container\">\n\t\t\t\t\t<h5 class=\"elementor-heading-title elementor-size-default\">Jogosults\u00e1g<\/h5>\t\t\t\t<\/div>\n\t\t\t\t<\/div>\n\t\t\t\t<div class=\"elementor-element elementor-element-f98b24e post-content elementor-widget elementor-widget-text-editor\" data-id=\"f98b24e\" data-element_type=\"widget\" data-e-type=\"widget\" data-widget_type=\"text-editor.default\">\n\t\t\t\t<div class=\"elementor-widget-container\">\n\t\t\t\t\t\t\t\t\t<ul><li>Szingap\u00farban bejegyzett \u00e9s m\u0171k\u00f6d\u0151 \u00fczleti v\u00e1llalkoz\u00e1s<\/li><li>A v\u00e1llalat legal\u00e1bb 30% helyi r\u00e9szv\u00e9nyt\u0151k\u00e9vel rendelkezik, amelyeket k\u00f6zvetlen\u00fcl vagy k\u00f6zvetve szingap\u00fari(k) \u00e9s\/vagy szingap\u00fari k\u00e9pvisel\u0151(k) birtokolnak, a v\u00e9gs\u0151 egy\u00e9ni tulajdonosi ar\u00e1ny alapj\u00e1n meghat\u00e1rozva.<\/li><li>A c\u00e9g p\u00e9nz\u00fcgyileg felk\u00e9sz\u00fclt a projekt elind\u00edt\u00e1s\u00e1ra \u00e9s befejez\u00e9s\u00e9re<\/li><\/ul>\t\t\t\t\t\t\t\t<\/div>\n\t\t\t\t<\/div>\n\t\t\t\t<\/div>\n\t\t\t\t<\/div>\n\t\t\t\t<\/div>\n\t\t\t\t\t<\/div>\n\t\t\t\t<\/div>\n\t\t<div class=\"elementor-element elementor-element-4ca912a e-flex e-con-boxed e-con e-parent\" data-id=\"4ca912a\" data-element_type=\"container\" data-e-type=\"container\">\n\t\t\t\t\t<div class=\"e-con-inner\">\n\t\t<div class=\"elementor-element elementor-element-8f390e2 e-con-full e-flex e-con e-child\" data-id=\"8f390e2\" data-element_type=\"container\" data-e-type=\"container\">\n\t\t\t\t<div class=\"elementor-element elementor-element-6243c3e elementor-widget__width-inherit elementor-widget elementor-widget-heading\" data-id=\"6243c3e\" data-element_type=\"widget\" data-e-type=\"widget\" data-widget_type=\"heading.default\">\n\t\t\t\t<div class=\"elementor-widget-container\">\n\t\t\t\t\t<h2 class=\"elementor-heading-title elementor-size-default translation-block\">Recognized by <span class=\"text-red\">IRAS Singapore<\/span><\/h2>\t\t\t\t<\/div>\n\t\t\t\t<\/div>\n\t\t<div class=\"elementor-element elementor-element-2e53990 e-con-full e-flex e-con e-child\" data-id=\"2e53990\" data-element_type=\"container\" data-e-type=\"container\">\n\t\t<a class=\"elementor-element elementor-element-e22f105 e-con-full grant-item-box e-flex e-con e-child\" data-id=\"e22f105\" data-element_type=\"container\" data-e-type=\"container\" href=\"https:\/\/www.iras.gov.sg\/media\/docs\/default-source\/uploadedfiles\/pdf\/ya2022-ais-payroll-software-vendors36895a46-050c-40ca-87d9-0370d6b7738d.pdf?sfvrsn=8a6b701d_16\" target=\"_blank\" rel=\"nofollow noopener\">\n\t\t\t\t<div class=\"elementor-element elementor-element-42f4f87 elementor-widget elementor-widget-image\" data-id=\"42f4f87\" data-element_type=\"widget\" data-e-type=\"widget\" data-widget_type=\"image.default\">\n\t\t\t\t<div class=\"elementor-widget-container\">\n\t\t\t\t\t\t\t\t\t\t\t\t\t\t\t<img fetchpriority=\"high\" decoding=\"async\" width=\"786\" height=\"540\" src=\"https:\/\/yonyou.eu\/wp-content\/uploads\/2024\/06\/image-AIS-payroll.webp\" class=\"attachment-full size-full wp-image-837\" alt=\"\" srcset=\"https:\/\/yonyou.eu\/wp-content\/uploads\/2024\/06\/image-AIS-payroll.webp 786w, https:\/\/yonyou.eu\/wp-content\/uploads\/2024\/06\/image-AIS-payroll-300x206.webp 300w, https:\/\/yonyou.eu\/wp-content\/uploads\/2024\/06\/image-AIS-payroll-768x528.webp 768w\" sizes=\"(max-width: 786px) 100vw, 786px\" \/>\t\t\t\t\t\t\t\t\t\t\t\t\t\t\t<\/div>\n\t\t\t\t<\/div>\n\t\t<div class=\"elementor-element elementor-element-aefb9d3 e-con-full grant-info-box e-flex e-con e-child\" data-id=\"aefb9d3\" data-element_type=\"container\" data-e-type=\"container\">\n\t\t\t\t<div class=\"elementor-element elementor-element-d8d2796 grant-info-title elementor-widget elementor-widget-heading\" data-id=\"d8d2796\" data-element_type=\"widget\" data-e-type=\"widget\" data-widget_type=\"heading.default\">\n\t\t\t\t<div class=\"elementor-widget-container\">\n\t\t\t\t\t<h5 class=\"elementor-heading-title elementor-size-default\">Az AIS-API m\u00f3dot t\u00e1mogat\u00f3 AIS b\u00e9rsz\u00e1mfejt\u00e9si szoftvergy\u00e1rt\u00f3<\/h5>\t\t\t\t<\/div>\n\t\t\t\t<\/div>\n\t\t\t\t<div class=\"elementor-element elementor-element-3066776 elementor-widget elementor-widget-text-editor\" data-id=\"3066776\" data-element_type=\"widget\" data-e-type=\"widget\" data-widget_type=\"text-editor.default\">\n\t\t\t\t<div class=\"elementor-widget-container\">\n\t\t\t\t\t\t\t\t\t<p>Az IRAS \u00e1ltal list\u00e1zott szoftversz\u00e1ll\u00edt\u00f3 az Alkalmazotti J\u00f6vedelem Auto-Inclusive Scheme (AIS) programj\u00e1hoz. Az AIS b\u00e9rsz\u00e1mfejt\u0151 szoftversz\u00e1ll\u00edt\u00f3ja k\u00e9pes f\u00e1jlokat\/rekordokat gener\u00e1lni a 2022-es ad\u00f3\u00e9vhez sz\u00fcks\u00e9ges form\u00e1tumban, \u00e9s azokat k\u00f6zvetlen\u00fcl a Valid\u00e1l\u00e1si \u00e9s Beny\u00fajt\u00e1si K\u00e9relem \u00e9s\/vagy API seg\u00edts\u00e9g\u00e9vel be lehet ny\u00fajtani az IRAS-nak.<\/p>\t\t\t\t\t\t\t\t<\/div>\n\t\t\t\t<\/div>\n\t\t\t\t<\/div>\n\t\t\t\t<\/a>\n\t\t<a class=\"elementor-element elementor-element-9e15289 e-con-full grant-item-box e-flex e-con e-child\" data-id=\"9e15289\" data-element_type=\"container\" data-e-type=\"container\" href=\"https:\/\/www.iras.gov.sg\/digital-collaboration\/for-software-developers\/accounting-tax-software\/iras-accounting-software-register\" target=\"_blank\" rel=\"nofollow noopener\">\n\t\t\t\t<div class=\"elementor-element elementor-element-e129605 elementor-widget elementor-widget-image\" data-id=\"e129605\" data-element_type=\"widget\" data-e-type=\"widget\" data-widget_type=\"image.default\">\n\t\t\t\t<div class=\"elementor-widget-container\">\n\t\t\t\t\t\t\t\t\t\t\t\t\t\t\t<img decoding=\"async\" width=\"787\" height=\"540\" src=\"https:\/\/yonyou.eu\/wp-content\/uploads\/2024\/06\/image-ASR.webp\" class=\"attachment-full size-full wp-image-845\" alt=\"\" srcset=\"https:\/\/yonyou.eu\/wp-content\/uploads\/2024\/06\/image-ASR.webp 787w, https:\/\/yonyou.eu\/wp-content\/uploads\/2024\/06\/image-ASR-300x206.webp 300w, https:\/\/yonyou.eu\/wp-content\/uploads\/2024\/06\/image-ASR-768x527.webp 768w\" sizes=\"(max-width: 787px) 100vw, 787px\" \/>\t\t\t\t\t\t\t\t\t\t\t\t\t\t\t<\/div>\n\t\t\t\t<\/div>\n\t\t<div class=\"elementor-element elementor-element-a1951db e-con-full grant-info-box e-flex e-con e-child\" data-id=\"a1951db\" data-element_type=\"container\" data-e-type=\"container\">\n\t\t\t\t<div class=\"elementor-element elementor-element-5f461c3 grant-info-title elementor-widget elementor-widget-heading\" data-id=\"5f461c3\" data-element_type=\"widget\" data-e-type=\"widget\" data-widget_type=\"heading.default\">\n\t\t\t\t<div class=\"elementor-widget-container\">\n\t\t\t\t\t<h5 class=\"elementor-heading-title elementor-size-default\">IRAS sz\u00e1mviteli szoftvernyilv\u00e1ntart\u00e1s (ASR)<\/h5>\t\t\t\t<\/div>\n\t\t\t\t<\/div>\n\t\t\t\t<div class=\"elementor-element elementor-element-6750e93 elementor-widget elementor-widget-text-editor\" data-id=\"6750e93\" data-element_type=\"widget\" data-e-type=\"widget\" data-widget_type=\"text-editor.default\">\n\t\t\t\t<div class=\"elementor-widget-container\">\n\t\t\t\t\t\t\t\t\t<p>A Yonyou NC 6.5-\u00f6s verzi\u00f3ja az IRAS k\u00f6nyvel\u0151szoftver-nyilv\u00e1ntart\u00e1s\u00e1ban (\u201eASR\u201d) szerepl\u0151 szoftverek egyike, amely megfelel az IRAS e-Ad\u00f3z\u00e1si \u00datmutat\u00f3ban meghat\u00e1rozott alapelveinek \u00e9s m\u0171szaki k\u00f6vetelm\u00e9nyeinek.<\/p>\t\t\t\t\t\t\t\t<\/div>\n\t\t\t\t<\/div>\n\t\t\t\t<\/div>\n\t\t\t\t<\/a>\n\t\t<a class=\"elementor-element elementor-element-c8667ec e-con-full grant-item-box e-flex e-con e-child\" data-id=\"c8667ec\" data-element_type=\"container\" data-e-type=\"container\" href=\"https:\/\/www.iras.gov.sg\/digital-collaboration\/for-software-developers\/accounting-tax-software\/iras-accounting-software-register-plus\/asr-plus-listing\" target=\"_blank\" rel=\"nofollow noopener\">\n\t\t\t\t<div class=\"elementor-element elementor-element-ca6fd7c elementor-widget elementor-widget-image\" data-id=\"ca6fd7c\" data-element_type=\"widget\" data-e-type=\"widget\" data-widget_type=\"image.default\">\n\t\t\t\t<div class=\"elementor-widget-container\">\n\t\t\t\t\t\t\t\t\t\t\t\t\t\t\t<img decoding=\"async\" width=\"787\" height=\"540\" src=\"https:\/\/yonyou.eu\/wp-content\/uploads\/2024\/06\/image-ASR-tier-3.webp\" class=\"attachment-full size-full wp-image-846\" alt=\"\" srcset=\"https:\/\/yonyou.eu\/wp-content\/uploads\/2024\/06\/image-ASR-tier-3.webp 787w, https:\/\/yonyou.eu\/wp-content\/uploads\/2024\/06\/image-ASR-tier-3-300x206.webp 300w, https:\/\/yonyou.eu\/wp-content\/uploads\/2024\/06\/image-ASR-tier-3-768x527.webp 768w\" sizes=\"(max-width: 787px) 100vw, 787px\" \/>\t\t\t\t\t\t\t\t\t\t\t\t\t\t\t<\/div>\n\t\t\t\t<\/div>\n\t\t<div class=\"elementor-element elementor-element-7c00d2f e-con-full grant-info-box e-flex e-con e-child\" data-id=\"7c00d2f\" data-element_type=\"container\" data-e-type=\"container\">\n\t\t\t\t<div class=\"elementor-element elementor-element-e857eeb grant-info-title elementor-widget elementor-widget-heading\" data-id=\"e857eeb\" data-element_type=\"widget\" data-e-type=\"widget\" data-widget_type=\"heading.default\">\n\t\t\t\t<div class=\"elementor-widget-container\">\n\t\t\t\t\t<h5 class=\"elementor-heading-title elementor-size-default\">IRAS Sz\u00e1mviteli Szoftver Regiszter (ASR) 3. szint<\/h5>\t\t\t\t<\/div>\n\t\t\t\t<\/div>\n\t\t\t\t<div class=\"elementor-element elementor-element-5863559 elementor-widget elementor-widget-text-editor\" data-id=\"5863559\" data-element_type=\"widget\" data-e-type=\"widget\" data-widget_type=\"text-editor.default\">\n\t\t\t\t<div class=\"elementor-widget-container\">\n\t\t\t\t\t\t\t\t\t<p>A Yonyou NC felh\u0151 2111-es verzi\u00f3ja egyike annak a 9 szoftvernek, amelyek szerepelnek az IRAS k\u00f6nyvel\u0151szoftver-nyilv\u00e1ntart\u00e1s\u00e1nak (\u201eASR\u201d) 3. szint\u0171 list\u00e1j\u00e1n. A 3. szint\u0171 v\u00e1llalatok az \u00f6sszes relev\u00e1ns IRAS digit\u00e1lis term\u00e9k, p\u00e9ld\u00e1ul a t\u00e1rsas\u00e1gi ad\u00f3bevall\u00e1sok, az \u00c1FA-bevall\u00e1sok \u00e9s az elektronikus sz\u00e1ml\u00e1z\u00e1s be\u00e9p\u00edt\u00e9s\u00e9vel bizony\u00edtott\u00e1k elk\u00f6telezetts\u00e9g\u00fcket a z\u00f6kken\u0151mentes ad\u00f3bevall\u00e1s \u00e9s megfelel\u00e9s ir\u00e1nt.<\/p>\t\t\t\t\t\t\t\t<\/div>\n\t\t\t\t<\/div>\n\t\t\t\t<\/div>\n\t\t\t\t<\/a>\n\t\t\t\t<\/div>\n\t\t\t\t<\/div>\n\t\t\t\t\t<\/div>\n\t\t\t\t<\/div>\n\t\t<div class=\"elementor-element elementor-element-c4fadad e-con-full e-flex e-con e-parent\" data-id=\"c4fadad\" data-element_type=\"container\" data-e-type=\"container\">\n\t\t\t\t<div class=\"elementor-element elementor-element-95808f9 elementor-widget__width-inherit elementor-widget elementor-widget-template\" data-id=\"95808f9\" data-element_type=\"widget\" data-e-type=\"widget\" data-widget_type=\"template.default\">\n\t\t\t\t<div class=\"elementor-widget-container\">\n\t\t\t\t\t\t\t<div class=\"elementor-template\">\n\t\t\t\t\t<div data-elementor-type=\"container\" data-elementor-id=\"143\" class=\"elementor elementor-143\" data-elementor-post-type=\"elementor_library\">\n\t\t\t\t<div class=\"elementor-element elementor-element-362140e7 cta-section e-flex e-con-boxed e-con e-parent\" data-id=\"362140e7\" data-element_type=\"container\" data-e-type=\"container\">\n\t\t\t\t\t<div class=\"e-con-inner\">\n\t\t<div class=\"elementor-element elementor-element-b7a7da e-con-full e-flex e-con e-child\" data-id=\"b7a7da\" data-element_type=\"container\" data-e-type=\"container\" data-settings=\"{&quot;background_background&quot;:&quot;classic&quot;}\">\n\t\t\t\t<div class=\"elementor-element elementor-element-4edd7b34 elementor-widget__width-initial elementor-widget elementor-widget-heading\" data-id=\"4edd7b34\" data-element_type=\"widget\" data-e-type=\"widget\" data-widget_type=\"heading.default\">\n\t\t\t\t<div class=\"elementor-widget-container\">\n\t\t\t\t\t<h2 class=\"elementor-heading-title elementor-size-default\">J\u00e1rjon el\u0151r\u00e9bb testreszabott ERP-megold\u00e1sunkkal \u00e9s egy\u00e9b megold\u00e1sainkkal<\/h2>\t\t\t\t<\/div>\n\t\t\t\t<\/div>\n\t\t\t\t<div class=\"elementor-element elementor-element-7d27dc19 elementor-icon-list--layout-inline elementor-align-center elementor-widget__width-auto elementor-hidden-mobile_extra elementor-hidden-mobile elementor-list-item-link-full_width elementor-widget elementor-widget-icon-list\" data-id=\"7d27dc19\" data-element_type=\"widget\" data-e-type=\"widget\" data-widget_type=\"icon-list.default\">\n\t\t\t\t<div class=\"elementor-widget-container\">\n\t\t\t\t\t\t\t<ul class=\"elementor-icon-list-items elementor-inline-items\">\n\t\t\t\t\t\t\t<li class=\"elementor-icon-list-item elementor-inline-item\">\n\t\t\t\t\t\t\t\t\t\t\t<span class=\"elementor-icon-list-icon\">\n\t\t\t\t\t\t\t<svg xmlns=\"http:\/\/www.w3.org\/2000\/svg\" width=\"20\" height=\"20\" viewbox=\"0 0 20 20\" fill=\"none\"><rect width=\"20\" height=\"20\" rx=\"10\" fill=\"#E60012\"><\/rect><path d=\"m15 7-6.875 7L5 10.8182\" stroke=\"#fff\" stroke-width=\"2\" stroke-linecap=\"round\" stroke-linejoin=\"round\"><\/path><\/svg>\t\t\t\t\t\t<\/span>\n\t\t\t\t\t\t\t\t\t\t<span class=\"elementor-icon-list-text\">15M+ Customers<\/span>\n\t\t\t\t\t\t\t\t\t<\/li>\n\t\t\t\t\t\t\t\t<li class=\"elementor-icon-list-item elementor-inline-item\">\n\t\t\t\t\t\t\t\t\t\t\t<span class=\"elementor-icon-list-icon\">\n\t\t\t\t\t\t\t<svg xmlns=\"http:\/\/www.w3.org\/2000\/svg\" width=\"20\" height=\"20\" viewbox=\"0 0 20 20\" fill=\"none\"><rect width=\"20\" height=\"20\" rx=\"10\" fill=\"#E60012\"><\/rect><path d=\"m15 7-6.875 7L5 10.8182\" stroke=\"#fff\" stroke-width=\"2\" stroke-linecap=\"round\" stroke-linejoin=\"round\"><\/path><\/svg>\t\t\t\t\t\t<\/span>\n\t\t\t\t\t\t\t\t\t\t<span class=\"elementor-icon-list-text\">38 Years of Excellence<\/span>\n\t\t\t\t\t\t\t\t\t<\/li>\n\t\t\t\t\t\t\t\t<li class=\"elementor-icon-list-item elementor-inline-item\">\n\t\t\t\t\t\t\t\t\t\t\t<span class=\"elementor-icon-list-icon\">\n\t\t\t\t\t\t\t<svg xmlns=\"http:\/\/www.w3.org\/2000\/svg\" width=\"20\" height=\"20\" viewbox=\"0 0 20 20\" fill=\"none\"><rect width=\"20\" height=\"20\" rx=\"10\" fill=\"#E60012\"><\/rect><path d=\"m15 7-6.875 7L5 10.8182\" stroke=\"#fff\" stroke-width=\"2\" stroke-linecap=\"round\" stroke-linejoin=\"round\"><\/path><\/svg>\t\t\t\t\t\t<\/span>\n\t\t\t\t\t\t\t\t\t\t<span class=\"elementor-icon-list-text\">25 000+ szak\u00e9rt\u0151<\/span>\n\t\t\t\t\t\t\t\t\t<\/li>\n\t\t\t\t\t\t<\/ul>\n\t\t\t\t\t\t<\/div>\n\t\t\t\t<\/div>\n\t\t\t\t<div class=\"elementor-element elementor-element-7c7eebe9 elementor-align-center elementor-tablet-align-start elementor-widget__width-auto elementor-widget-tablet__width-inherit elementor-hidden-desktop elementor-hidden-tablet elementor-icon-list--layout-traditional elementor-list-item-link-full_width elementor-widget elementor-widget-icon-list\" data-id=\"7c7eebe9\" data-element_type=\"widget\" data-e-type=\"widget\" data-widget_type=\"icon-list.default\">\n\t\t\t\t<div class=\"elementor-widget-container\">\n\t\t\t\t\t\t\t<ul class=\"elementor-icon-list-items\">\n\t\t\t\t\t\t\t<li class=\"elementor-icon-list-item\">\n\t\t\t\t\t\t\t\t\t\t\t<span class=\"elementor-icon-list-icon\">\n\t\t\t\t\t\t\t<svg xmlns=\"http:\/\/www.w3.org\/2000\/svg\" width=\"20\" height=\"20\" viewbox=\"0 0 20 20\" fill=\"none\"><rect width=\"20\" height=\"20\" rx=\"10\" fill=\"#E60012\"><\/rect><path d=\"m15 7-6.875 7L5 10.8182\" stroke=\"#fff\" stroke-width=\"2\" stroke-linecap=\"round\" stroke-linejoin=\"round\"><\/path><\/svg>\t\t\t\t\t\t<\/span>\n\t\t\t\t\t\t\t\t\t\t<span class=\"elementor-icon-list-text\">6,5 milli\u00f3+ \u00fcgyf\u00e9l<\/span>\n\t\t\t\t\t\t\t\t\t<\/li>\n\t\t\t\t\t\t\t\t<li class=\"elementor-icon-list-item\">\n\t\t\t\t\t\t\t\t\t\t\t<span class=\"elementor-icon-list-icon\">\n\t\t\t\t\t\t\t<svg xmlns=\"http:\/\/www.w3.org\/2000\/svg\" width=\"20\" height=\"20\" viewbox=\"0 0 20 20\" fill=\"none\"><rect width=\"20\" height=\"20\" rx=\"10\" fill=\"#E60012\"><\/rect><path d=\"m15 7-6.875 7L5 10.8182\" stroke=\"#fff\" stroke-width=\"2\" stroke-linecap=\"round\" stroke-linejoin=\"round\"><\/path><\/svg>\t\t\t\t\t\t<\/span>\n\t\t\t\t\t\t\t\t\t\t<span class=\"elementor-icon-list-text\">36 \u00e9v kiv\u00e1l\u00f3s\u00e1g<\/span>\n\t\t\t\t\t\t\t\t\t<\/li>\n\t\t\t\t\t\t\t\t<li class=\"elementor-icon-list-item\">\n\t\t\t\t\t\t\t\t\t\t\t<span class=\"elementor-icon-list-icon\">\n\t\t\t\t\t\t\t<svg xmlns=\"http:\/\/www.w3.org\/2000\/svg\" width=\"20\" height=\"20\" viewbox=\"0 0 20 20\" fill=\"none\"><rect width=\"20\" height=\"20\" rx=\"10\" fill=\"#E60012\"><\/rect><path d=\"m15 7-6.875 7L5 10.8182\" stroke=\"#fff\" stroke-width=\"2\" stroke-linecap=\"round\" stroke-linejoin=\"round\"><\/path><\/svg>\t\t\t\t\t\t<\/span>\n\t\t\t\t\t\t\t\t\t\t<span class=\"elementor-icon-list-text\">25 000+ szak\u00e9rt\u0151<\/span>\n\t\t\t\t\t\t\t\t\t<\/li>\n\t\t\t\t\t\t<\/ul>\n\t\t\t\t\t\t<\/div>\n\t\t\t\t<\/div>\n\t\t\t\t<div class=\"elementor-element elementor-element-3b3ee411 elementor-align-center elementor-widget__width-inherit elementor-mobile_extra-align-left elementor-widget elementor-widget-button\" data-id=\"3b3ee411\" data-element_type=\"widget\" data-e-type=\"widget\" data-widget_type=\"button.default\">\n\t\t\t\t<div class=\"elementor-widget-container\">\n\t\t\t\t\t\t\t\t\t<div class=\"elementor-button-wrapper\">\n\t\t\t\t\t<a class=\"elementor-button elementor-button-link elementor-size-sm\" href=\"https:\/\/yonyou.eu\/hu\/contact-us\/\">\n\t\t\t\t\t\t<span class=\"elementor-button-content-wrapper\">\n\t\t\t\t\t\t\t\t\t<span class=\"elementor-button-text\">Kezd\u00e9s<\/span>\n\t\t\t\t\t<\/span>\n\t\t\t\t\t<\/a>\n\t\t\t\t<\/div>\n\t\t\t\t\t\t\t\t<\/div>\n\t\t\t\t<\/div>\n\t\t\t\t<\/div>\n\t\t\t\t\t<\/div>\n\t\t\t\t<\/div>\n\t\t\t\t<\/div>\n\t\t\t\t<\/div>\n\t\t\t\t\t\t<\/div>\n\t\t\t\t<\/div>\n\t\t\t\t<\/div>\n\t\t\t\t<\/div>","protected":false},"excerpt":{"rendered":"<p>Grants Unlock New Opportunities With Our Grant Programmes Grants 1. Enterprise Development Grant In collaboration with\u00a0Enterprise Singapore The\u00a0Enterprise Development Grant (EDG)\u00a0supports projects that help you upgrade, innovate, grow and transform your business. Submit your individual project proposals with details on your business plans and project outcomes to take your business further. EDG funds qualifying project [&hellip;]<\/p>","protected":false},"author":11,"featured_media":0,"parent":0,"menu_order":0,"comment_status":"closed","ping_status":"closed","template":"","meta":{"footnotes":""},"class_list":["post-479","page","type-page","status-publish","hentry"],"_links":{"self":[{"href":"https:\/\/yonyou.eu\/hu\/wp-json\/wp\/v2\/pages\/479","targetHints":{"allow":["GET"]}}],"collection":[{"href":"https:\/\/yonyou.eu\/hu\/wp-json\/wp\/v2\/pages"}],"about":[{"href":"https:\/\/yonyou.eu\/hu\/wp-json\/wp\/v2\/types\/page"}],"author":[{"embeddable":true,"href":"https:\/\/yonyou.eu\/hu\/wp-json\/wp\/v2\/users\/11"}],"replies":[{"embeddable":true,"href":"https:\/\/yonyou.eu\/hu\/wp-json\/wp\/v2\/comments?post=479"}],"version-history":[{"count":34,"href":"https:\/\/yonyou.eu\/hu\/wp-json\/wp\/v2\/pages\/479\/revisions"}],"predecessor-version":[{"id":10010,"href":"https:\/\/yonyou.eu\/hu\/wp-json\/wp\/v2\/pages\/479\/revisions\/10010"}],"wp:attachment":[{"href":"https:\/\/yonyou.eu\/hu\/wp-json\/wp\/v2\/media?parent=479"}],"curies":[{"name":"wp","href":"https:\/\/api.w.org\/{rel}","templated":true}]}}