{"id":210,"date":"2024-06-12T08:19:42","date_gmt":"2024-06-12T08:19:42","guid":{"rendered":"https:\/\/yonyou.eu\/?page_id=210"},"modified":"2024-11-07T02:04:47","modified_gmt":"2024-11-07T02:04:47","slug":"support-and-services","status":"publish","type":"page","link":"https:\/\/yonyou.eu\/hu\/support-and-services\/","title":{"rendered":"T\u00e1mogat\u00e1s"},"content":{"rendered":"<div data-elementor-type=\"wp-page\" data-elementor-id=\"210\" class=\"elementor elementor-210\" data-elementor-post-type=\"page\">\n\t\t\t\t<div class=\"elementor-element elementor-element-2a44596 e-flex e-con-boxed e-con e-parent\" data-id=\"2a44596\" data-element_type=\"container\" data-settings=\"{&quot;background_background&quot;:&quot;classic&quot;}\">\n\t\t\t\t\t<div class=\"e-con-inner\">\n\t\t<div class=\"elementor-element elementor-element-bf02ae4 e-con-full e-flex e-con e-child\" data-id=\"bf02ae4\" data-element_type=\"container\">\n\t\t\t\t<div class=\"elementor-element elementor-element-2ba540c elementor-widget elementor-widget-heading\" data-id=\"2ba540c\" data-element_type=\"widget\" data-widget_type=\"heading.default\">\n\t\t\t\t<div class=\"elementor-widget-container\">\n\t\t\t\t\t<h1 class=\"elementor-heading-title elementor-size-default\">T\u00e1mogat\u00e1s \u00e9s szolg\u00e1ltat\u00e1sok<\/h1>\t\t\t\t<\/div>\n\t\t\t\t<\/div>\n\t\t\t\t<\/div>\n\t\t\t\t\t<\/div>\n\t\t\t\t<\/div>\n\t\t<div class=\"elementor-element elementor-element-9a052b6 e-flex e-con-boxed e-con e-parent\" data-id=\"9a052b6\" data-element_type=\"container\">\n\t\t\t\t\t<div class=\"e-con-inner\">\n\t\t<div class=\"elementor-element elementor-element-b1af292 e-con-full e-flex e-con e-child\" data-id=\"b1af292\" data-element_type=\"container\">\n\t\t<div class=\"elementor-element elementor-element-33904a4 e-con-full e-flex e-con e-child\" data-id=\"33904a4\" data-element_type=\"container\" data-settings=\"{&quot;background_background&quot;:&quot;classic&quot;}\">\n\t\t\t\t<div class=\"elementor-element elementor-element-fdc57b1 elementor-widget elementor-widget-image-box\" data-id=\"fdc57b1\" data-element_type=\"widget\" data-widget_type=\"image-box.default\">\n\t\t\t\t<div class=\"elementor-widget-container\">\n\t\t\t\t\t<div class=\"elementor-image-box-wrapper\"><div class=\"elementor-image-box-content\"><h5 class=\"elementor-image-box-title\">\u00c1tfog\u00f3 t\u00e1mogat\u00e1s<\/h5><p class=\"elementor-image-box-description\">A legmodernebb szoftverek \u00e9s megold\u00e1sok mellett \u00e1tfog\u00f3 professzion\u00e1lis szoftverszolg\u00e1ltat\u00e1sokat is ny\u00fajtunk, mint p\u00e9ld\u00e1ul \u00fczleti tan\u00e1csad\u00e1s, bevezet\u00e9se, k\u00e9pz\u00e9se, karbantart\u00e1sa \u00e9s t\u00e1mogat\u00e1sa \u00fcgyfeleink sz\u00e1m\u00e1ra vil\u00e1gszerte.<\/p><\/div><\/div>\t\t\t\t<\/div>\n\t\t\t\t<\/div>\n\t\t\t\t<\/div>\n\t\t<div class=\"elementor-element elementor-element-b3b931c e-con-full e-flex e-con e-child\" data-id=\"b3b931c\" data-element_type=\"container\" data-settings=\"{&quot;background_background&quot;:&quot;classic&quot;}\">\n\t\t\t\t<div class=\"elementor-element elementor-element-55300fa elementor-widget elementor-widget-image-box\" data-id=\"55300fa\" data-element_type=\"widget\" data-widget_type=\"image-box.default\">\n\t\t\t\t<div class=\"elementor-widget-container\">\n\t\t\t\t\t<div class=\"elementor-image-box-wrapper\"><div class=\"elementor-image-box-content\"><h5 class=\"elementor-image-box-title\">Tan\u00e1csad\u00e1s<\/h5><p class=\"elementor-image-box-description\">\u00c1tfog\u00f3 rendszerbevezet\u00e9si programunk \u00f6t strat\u00e9giai l\u00e9p\u00e9st foglal mag\u00e1ban az alkalmaz\u00e1sok legz\u00f6kken\u0151mentesebb m\u0171k\u00f6d\u00e9s\u00e9nek biztos\u00edt\u00e1sa \u00e9rdek\u00e9ben. A Yonyou megval\u00f3s\u00edt\u00e1si megk\u00f6zel\u00edt\u00e9s egy 5 f\u00e1zis\u00fa m\u00f3dszertan, amelynek c\u00e9lja annak biztos\u00edt\u00e1sa, hogy megval\u00f3s\u00edt\u00e1saink ne csak funkcion\u00e1lisan, hanem p\u00e9nz\u00fcgyileg is sikeresek legyenek, \u00e9s hogy a bevezetett rendszereket a felhaszn\u00e1l\u00f3i k\u00f6z\u00f6ss\u00e9g j\u00f3l fogadja. A Yonyou megval\u00f3s\u00edt\u00e1si m\u00f3dszertan biztos\u00edtja a z\u00f6kken\u0151mentes megval\u00f3s\u00edt\u00e1si folyamatot.<\/p><\/div><\/div>\t\t\t\t<\/div>\n\t\t\t\t<\/div>\n\t\t\t\t<\/div>\n\t\t<div class=\"elementor-element elementor-element-00aa440 e-con-full e-flex e-con e-child\" data-id=\"00aa440\" data-element_type=\"container\" data-settings=\"{&quot;background_background&quot;:&quot;classic&quot;}\">\n\t\t\t\t<div class=\"elementor-element elementor-element-0efc4eb elementor-widget elementor-widget-image-box\" data-id=\"0efc4eb\" data-element_type=\"widget\" data-widget_type=\"image-box.default\">\n\t\t\t\t<div class=\"elementor-widget-container\">\n\t\t\t\t\t<div class=\"elementor-image-box-wrapper\"><div class=\"elementor-image-box-content\"><h5 class=\"elementor-image-box-title\">V\u00e1llalati k\u00e9pz\u00e9s<\/h5><p class=\"elementor-image-box-description\">Hat\u00e9kony \u00e9s \u00e1tfog\u00f3 term\u00e9kk\u00e9pz\u00e9si programmal rendelkez\u00fcnk, amelynek c\u00e9lja, hogy felv\u00e9rtezze a v\u00e9gfelhaszn\u00e1l\u00f3kat a kapcsol\u00f3d\u00f3 ismeretekkel. N\u00f6velj\u00fck a v\u00e1llalati szem\u00e9lyzet k\u00e9pess\u00e9geit \u00e9s min\u0151s\u00e9g\u00e9t a v\u00e1llalati k\u00f6vetelm\u00e9nyek teljes\u00edt\u00e9se \u00e9rdek\u00e9ben. V\u00e1llalati k\u00e9pz\u00e9seink szisztematikusak \u00e9s c\u00e9lorient\u00e1ltak. A v\u00e1llalati szem\u00e9lyzettel kapcsolatos tapasztalataink alapj\u00e1n egy munkak\u00f6ri kompetenciamodellt hozunk l\u00e9tre. A teljes rendszer jobb meg\u00e9rt\u00e9s\u00e9vel a felhaszn\u00e1l\u00f3k sikeresen bevezethetik a rendszert.<\/p><\/div><\/div>\t\t\t\t<\/div>\n\t\t\t\t<\/div>\n\t\t\t\t<\/div>\n\t\t<div class=\"elementor-element elementor-element-1b9c087 e-con-full e-flex e-con e-child\" data-id=\"1b9c087\" data-element_type=\"container\" data-settings=\"{&quot;background_background&quot;:&quot;classic&quot;}\">\n\t\t\t\t<div class=\"elementor-element elementor-element-5f236ed elementor-widget elementor-widget-image-box\" data-id=\"5f236ed\" data-element_type=\"widget\" data-widget_type=\"image-box.default\">\n\t\t\t\t<div class=\"elementor-widget-container\">\n\t\t\t\t\t<div class=\"elementor-image-box-wrapper\"><div class=\"elementor-image-box-content\"><h5 class=\"elementor-image-box-title\">Karbantart\u00e1s \u00e9s t\u00e1mogat\u00e1s<\/h5><p class=\"elementor-image-box-description\">Our all-round maintenance and support services are provided by our skillful and experienced product management team and Research &amp; Development departments. By safeguarding the integrity of the applications, including upgrades and new releases, they help minimize risks, optimize performance and reduce cost of ownership for the customers.<\/p><\/div><\/div>\t\t\t\t<\/div>\n\t\t\t\t<\/div>\n\t\t\t\t<\/div>\n\t\t\t\t<\/div>\n\t\t\t\t\t<\/div>\n\t\t\t\t<\/div>\n\t\t<div class=\"elementor-element elementor-element-cf3dc38 e-flex e-con-boxed e-con e-parent\" data-id=\"cf3dc38\" data-element_type=\"container\">\n\t\t\t\t\t<div class=\"e-con-inner\">\n\t\t<div class=\"elementor-element elementor-element-a9b4cc3 e-con-full e-flex e-con e-child\" data-id=\"a9b4cc3\" data-element_type=\"container\" data-settings=\"{&quot;background_background&quot;:&quot;classic&quot;}\">\n\t\t\t\t<div class=\"elementor-element elementor-element-21331c8 elementor-widget__width-initial elementor-widget elementor-widget-heading\" data-id=\"21331c8\" data-element_type=\"widget\" data-widget_type=\"heading.default\">\n\t\t\t\t<div class=\"elementor-widget-container\">\n\t\t\t\t\t<h2 class=\"elementor-heading-title elementor-size-default\">Tov\u00e1bbi t\u00e1mogat\u00e1sra van sz\u00fcks\u00e9ge, vagy k\u00e9rd\u00e9se van hozz\u00e1nk?<\/h2>\t\t\t\t<\/div>\n\t\t\t\t<\/div>\n\t\t\t\t<div class=\"elementor-element elementor-element-73d8902 elementor-align-center elementor-widget__width-inherit elementor-mobile_extra-align-center elementor-widget elementor-widget-button\" data-id=\"73d8902\" data-element_type=\"widget\" data-widget_type=\"button.default\">\n\t\t\t\t<div class=\"elementor-widget-container\">\n\t\t\t\t\t\t\t\t\t<div class=\"elementor-button-wrapper\">\n\t\t\t\t\t<a class=\"elementor-button elementor-button-link elementor-size-sm\" href=\"https:\/\/yonyou.eu\/hu\/contact-us\/\">\n\t\t\t\t\t\t<span class=\"elementor-button-content-wrapper\">\n\t\t\t\t\t\t\t\t\t<span class=\"elementor-button-text\">Kapcsolat<\/span>\n\t\t\t\t\t<\/span>\n\t\t\t\t\t<\/a>\n\t\t\t\t<\/div>\n\t\t\t\t\t\t\t\t<\/div>\n\t\t\t\t<\/div>\n\t\t\t\t<\/div>\n\t\t\t\t\t<\/div>\n\t\t\t\t<\/div>\n\t\t\t\t<\/div>","protected":false},"excerpt":{"rendered":"<p>Support &#038; Services Comprehensive Support Aside from state-of-the-art software and solutions, we also provide comprehensive professional software-related services, such as business consulting, implementation, training, maintenance and support for customers worldwide. Consultancy Our comprehensive system implementation program covers five strategic steps to ensure the smoothest operation of all applications. The Yonyou Implementation Approach is a 5-phase [&hellip;]<\/p>","protected":false},"author":11,"featured_media":0,"parent":0,"menu_order":0,"comment_status":"closed","ping_status":"closed","template":"","meta":{"footnotes":""},"class_list":["post-210","page","type-page","status-publish","hentry"],"_links":{"self":[{"href":"https:\/\/yonyou.eu\/hu\/wp-json\/wp\/v2\/pages\/210","targetHints":{"allow":["GET"]}}],"collection":[{"href":"https:\/\/yonyou.eu\/hu\/wp-json\/wp\/v2\/pages"}],"about":[{"href":"https:\/\/yonyou.eu\/hu\/wp-json\/wp\/v2\/types\/page"}],"author":[{"embeddable":true,"href":"https:\/\/yonyou.eu\/hu\/wp-json\/wp\/v2\/users\/11"}],"replies":[{"embeddable":true,"href":"https:\/\/yonyou.eu\/hu\/wp-json\/wp\/v2\/comments?post=210"}],"version-history":[{"count":14,"href":"https:\/\/yonyou.eu\/hu\/wp-json\/wp\/v2\/pages\/210\/revisions"}],"predecessor-version":[{"id":10478,"href":"https:\/\/yonyou.eu\/hu\/wp-json\/wp\/v2\/pages\/210\/revisions\/10478"}],"wp:attachment":[{"href":"https:\/\/yonyou.eu\/hu\/wp-json\/wp\/v2\/media?parent=210"}],"curies":[{"name":"wp","href":"https:\/\/api.w.org\/{rel}","templated":true}]}}