{"id":176,"date":"2024-06-12T08:00:57","date_gmt":"2024-06-12T08:00:57","guid":{"rendered":"https:\/\/yonyou.eu\/?page_id=176"},"modified":"2025-06-01T16:13:38","modified_gmt":"2025-06-01T16:13:38","slug":"privacy-policy","status":"publish","type":"page","link":"https:\/\/yonyou.eu\/hu\/privacy-policy\/","title":{"rendered":"Adatv\u00e9delmi ir\u00e1nyelvek"},"content":{"rendered":"<div data-elementor-type=\"wp-page\" data-elementor-id=\"176\" class=\"elementor elementor-176\" data-elementor-post-type=\"page\">\n\t\t\t\t<div class=\"elementor-element elementor-element-d51d006 e-flex e-con-boxed e-con e-parent\" data-id=\"d51d006\" data-element_type=\"container\" data-settings=\"{&quot;background_background&quot;:&quot;classic&quot;}\">\n\t\t\t\t\t<div class=\"e-con-inner\">\n\t\t<div class=\"elementor-element elementor-element-03b1e9d e-con-full e-flex e-con e-child\" data-id=\"03b1e9d\" data-element_type=\"container\">\n\t\t\t\t<div class=\"elementor-element elementor-element-6a10bec elementor-widget elementor-widget-heading\" data-id=\"6a10bec\" data-element_type=\"widget\" data-widget_type=\"heading.default\">\n\t\t\t\t<div class=\"elementor-widget-container\">\n\t\t\t\t\t<h1 class=\"elementor-heading-title elementor-size-default\">Adatv\u00e9delmi ir\u00e1nyelvek<\/h1>\t\t\t\t<\/div>\n\t\t\t\t<\/div>\n\t\t\t\t<\/div>\n\t\t\t\t\t<\/div>\n\t\t\t\t<\/div>\n\t\t<div class=\"elementor-element elementor-element-e0f2784 e-flex e-con-boxed e-con e-parent\" data-id=\"e0f2784\" data-element_type=\"container\">\n\t\t\t\t\t<div class=\"e-con-inner\">\n\t\t<div class=\"elementor-element elementor-element-9afac0c e-con-full e-flex e-con e-child\" data-id=\"9afac0c\" data-element_type=\"container\">\n\t\t\t\t<div class=\"elementor-element elementor-element-1ee87b0 post-content elementor-widget elementor-widget-text-editor\" data-id=\"1ee87b0\" data-element_type=\"widget\" data-widget_type=\"text-editor.default\">\n\t\t\t\t<div class=\"elementor-widget-container\">\n\t\t\t\t\t\t\t\t\t<p>A Yonyou Europe-n\u00e1l, amely a https:\/\/yonyou.eu c\u00edmen \u00e9rhet\u0151 el, az egyik f\u0151 priorit\u00e1sunk a l\u00e1togat\u00f3ink adatainak v\u00e9delme. Ez az adatv\u00e9delmi ir\u00e1nyelvek dokumentum tartalmazza a Yonyou Europe \u00e1ltal gy\u0171jt\u00f6tt \u00e9s r\u00f6gz\u00edtett inform\u00e1ci\u00f3k t\u00edpusait, valamint azok felhaszn\u00e1l\u00e1s\u00e1nak m\u00f3dj\u00e1t.<\/p><p>Ha tov\u00e1bbi k\u00e9rd\u00e9sei vannak, vagy tov\u00e1bbi inform\u00e1ci\u00f3ra van sz\u00fcks\u00e9ge Adatv\u00e9delmi ir\u00e1nyelveinkkel kapcsolatban, k\u00e9rj\u00fck, ne habozzon kapcsolatba l\u00e9pni vel\u00fcnk.<\/p><p>Ez az adatv\u00e9delmi ir\u00e1nyelv kiz\u00e1r\u00f3lag online tev\u00e9kenys\u00e9geinkre vonatkozik, \u00e9s weboldalunk l\u00e1togat\u00f3ira \u00e9rv\u00e9nyes az \u00e1ltaluk a Yonyou Europe-on megosztott \u00e9s\/vagy gy\u0171jt\u00f6tt inform\u00e1ci\u00f3k tekintet\u00e9ben. Ez az ir\u00e1nyelv nem vonatkozik az offline vagy a weboldalon k\u00edv\u00fcli csatorn\u00e1kon kereszt\u00fcl gy\u0171jt\u00f6tt inform\u00e1ci\u00f3kra.<\/p><h4>Hozz\u00e1j\u00e1rul<\/h4><p>Weboldalunk haszn\u00e1lat\u00e1val \u00d6n ezennel elfogadja Adatv\u00e9delmi ir\u00e1nyelveinket \u00e9s elfogadja azok felt\u00e9teleit.<\/p><h4>Inform\u00e1ci\u00f3gy\u0171jt\u00e9s \u00e9s -felhaszn\u00e1l\u00e1s<\/h4><p>Ez a weboldal a megadott szem\u00e9lyes adatokat (n\u00e9v, telefonsz\u00e1m \u00e9s e-mail c\u00edm) a k\u00f6vetkez\u0151 c\u00e9lokra haszn\u00e1lja fel:<\/p><ul><li>v\u00e1laszolni a k\u00e9rd\u00e9sekre vagy k\u00e9r\u00e9sekre;<\/li><li>panaszok, visszajelz\u00e9sek \u00e9s javaslatok feldolgoz\u00e1sa;<\/li><li>a vel\u00fcnk k\u00f6t\u00f6tt meg\u00e1llapod\u00e1sokkal kapcsolatos k\u00f6telezetts\u00e9geink kezel\u00e9se vagy egy\u00e9b m\u00f3don t\u00f6rt\u00e9n\u0151 v\u00e9grehajt\u00e1sa;<\/li><li>olyan term\u00e9keket \u00e9s szolg\u00e1ltat\u00e1sokat hozzon l\u00e9tre, \u00e9s \u00e9rtes\u00edtse \u00d6nt azokr\u00f3l, amelyek megfelelhetnek az \u00d6n ig\u00e9nyeinek.<\/li><\/ul><p>A Yonyou Europe akkor is gy\u0171jt adatokat, amikor a l\u00e1togat\u00f3k felm\u00e9r\u00e9sekre vagy prom\u00f3ci\u00f3s tev\u00e9kenys\u00e9gekre v\u00e1laszolnak weboldalunkon. Ezeket az inform\u00e1ci\u00f3kat kiz\u00e1r\u00f3lag a felm\u00e9r\u00e9s vagy prom\u00f3ci\u00f3 lebonyol\u00edt\u00e1s\u00e1ra haszn\u00e1ljuk fel.<\/p><p>A jelen adatv\u00e9delmi ir\u00e1nyelvekben foglaltakon k\u00edv\u00fcl a Yonyou Europe kifejezett enged\u00e9ly n\u00e9lk\u00fcl nem hozza nyilv\u00e1noss\u00e1gra szem\u00e9lyazonos\u00edt\u00e1sra alkalmas adatokat, kiv\u00e9ve, ha erre t\u00f6rv\u00e9nyileg jogosult vagy k\u00f6telez\u0151 (jogi elj\u00e1r\u00e1s, csal\u00e1s vagy m\u00e1s b\u0171ncselekm\u00e9ny megel\u0151z\u00e9se, illetve a vonatkoz\u00f3 t\u00f6rv\u00e9nyek betart\u00e1sa \u00e9rdek\u00e9ben). A Yonyou Europe akkor is \u00e9l ezzel a lehet\u0151s\u00e9ggel, ha \u00fagy \u00edt\u00e9li meg, hogy az ilyen int\u00e9zked\u00e9s sz\u00fcks\u00e9ges a saj\u00e1t jogainak, tulajdon\u00e1nak vagy szem\u00e9lyes biztons\u00e1g\u00e1nak, valamint felhaszn\u00e1l\u00f3inak\/\u00fcgyfeleinek v\u00e9delme \u00e9rdek\u00e9ben.<\/p><h4>Nem szem\u00e9lyes adatok gy\u0171jt\u00e9se<\/h4><p>A Yonyou Europe id\u0151r\u0151l id\u0151re felhaszn\u00e1lja az \u00d6n \u00e1ltal megadott inform\u00e1ci\u00f3kat az olvas\u00f3i szok\u00e1sok nyomon k\u00f6vet\u00e9s\u00e9re, hogy a Yonyou Europe a webhelyen megjelen\u00edtett inform\u00e1ci\u00f3kat az \u00e9rdekl\u0151d\u00e9si k\u00f6r\u00f6knek \u00e9s preferenci\u00e1knak megfelel\u0151en m\u00f3dos\u00edthassa.<\/p><p>A rendszer nem szem\u00e9lyes adatokat gy\u0171jt, p\u00e9ld\u00e1ul a haszn\u00e1lt internetb\u00f6ng\u00e9sz\u0151t vagy azt a webhelyet, amelyr\u0151l a l\u00e1togat\u00f3 a Yonyou Europe oldal\u00e1ra jutott. A Yonyou Europe demogr\u00e1fiai adatokat is \u00f6sszes\u00edthet a helyi \u00e9rdekl\u0151d\u00e9s \u00e9s a megfelel\u0151 t\u00e9mak\u00f6r\u00f6k felm\u00e9r\u00e9se \u00e9rdek\u00e9ben.<\/p><h4>S\u00fctik haszn\u00e1lata<\/h4><p>A Yonyou Europe inform\u00e1ci\u00f3kat (\u00e1ltal\u00e1ban \u201es\u00fctik\u00e9nt\u201d ismert) t\u00e1rol a sz\u00e1m\u00edt\u00f3g\u00e9p\u00e9n, amikor megl\u00e1togatja weboldalunkat. A gy\u0171jt\u00f6tt inform\u00e1ci\u00f3k t\u00edpusa a l\u00e1togat\u00f3 sz\u00e1m\u00edt\u00f3g\u00e9p\u00e9re jellemz\u0151, \u00e9s tartalmazza az IP-c\u00edmet, a weboldal l\u00e1togat\u00e1s\u00e1nak d\u00e1tum\u00e1t \u00e9s id\u0151pontj\u00e1t, a Yonyou Europe weboldal\u00e1nak mely r\u00e9szeit l\u00e1togatta meg, valamint azt, hogy a k\u00e9rt weboldalak sikeresen meg\u00e9rkeztek-e. Ezek az inform\u00e1ci\u00f3k n\u00e9vtelenek, \u00e9s egy sz\u00e1m\u00edt\u00f3g\u00e9pre, nem pedig egy szem\u00e9lyre vonatkoz\u00f3 r\u00e9szleteket tartalmaznak. A l\u00e1togat\u00f3k t\u00f6r\u00f6lhetik vagy blokkolhatj\u00e1k ezeket az inform\u00e1ci\u00f3kat a sz\u00e1m\u00edt\u00f3g\u00e9p\u00fck be\u00e1ll\u00edt\u00e1sainak m\u00f3dos\u00edt\u00e1s\u00e1val.<\/p><h4>Rekl\u00e1mpartnereink<\/h4><p>Webhely\u00fcnk\u00f6n egyes hirdet\u0151k s\u00fctiket \u00e9s webjelz\u0151ket haszn\u00e1lhatnak. Hirdet\u00e9si partnereink list\u00e1ja al\u00e1bb tal\u00e1lhat\u00f3. Minden hirdet\u00e9si partner\u00fcnknek saj\u00e1t adatv\u00e9delmi ir\u00e1nyelvei vannak a felhaszn\u00e1l\u00f3i adatokra vonatkoz\u00f3 ir\u00e1nyelvei tekintet\u00e9ben. A k\u00f6nnyebb hozz\u00e1f\u00e9r\u00e9s \u00e9rdek\u00e9ben al\u00e1bb hivatkoz\u00e1sokat tal\u00e1l az adatv\u00e9delmi ir\u00e1nyelveikre.<\/p><ul><li>Google<\/li><li><a href=\"https:\/\/policies.google.com\/technologies\/ads\" target=\"_blank\" rel=\"noopener\">https:\/\/policies.google.com\/technologies\/ads<\/a><\/li><\/ul><h4>Hirdet\u00e9si partnerek adatv\u00e9delmi ir\u00e1nyelvei<\/h4><p>Ezen a list\u00e1n megtal\u00e1lhatja a Yonyou Europe egyes hirdet\u00e9si partnereinek adatv\u00e9delmi ir\u00e1nyelveit.<\/p><p>A harmadik f\u00e9lt\u0151l sz\u00e1rmaz\u00f3 hirdet\u00e9sszerverek vagy hirdet\u00e9si h\u00e1l\u00f3zatok olyan technol\u00f3gi\u00e1kat haszn\u00e1lnak, mint a s\u00fctik, a JavaScript vagy a webjelz\u0151k, amelyeket a Yonyou Europe oldalon megjelen\u0151 hirdet\u00e9seikben \u00e9s linkjeiben haszn\u00e1lnak, \u00e9s amelyeket k\u00f6zvetlen\u00fcl a felhaszn\u00e1l\u00f3k b\u00f6ng\u00e9sz\u0151j\u00e9be k\u00fcldenek. Automatikusan megkapj\u00e1k az \u00d6n IP-c\u00edm\u00e9t, amikor ez megt\u00f6rt\u00e9nik. Ezeket a technol\u00f3gi\u00e1kat a hirdet\u00e9si kamp\u00e1nyaik hat\u00e9konys\u00e1g\u00e1nak m\u00e9r\u00e9s\u00e9re \u00e9s\/vagy a megl\u00e1togatott webhelyeken megjelen\u0151 hirdet\u00e9si tartalom szem\u00e9lyre szab\u00e1s\u00e1ra haszn\u00e1lj\u00e1k.<\/p><p>Felh\u00edvjuk figyelm\u00e9t, hogy a Yonyou Europe nem f\u00e9r hozz\u00e1 \u00e9s nem is tudja befoly\u00e1solni ezeket a s\u00fctiket, amelyeket harmadik f\u00e9l hirdet\u0151k haszn\u00e1lnak.<\/p><h4>Harmadik f\u00e9l adatv\u00e9delmi ir\u00e1nyelvei<\/h4><p>A Yonyou Europe adatv\u00e9delmi ir\u00e1nyelvei nem vonatkoznak m\u00e1s hirdet\u0151kre vagy webhelyekre. Ez\u00e9rt azt javasoljuk, hogy r\u00e9szletesebb inform\u00e1ci\u00f3k\u00e9rt tekintse meg ezen harmadik f\u00e9lt\u0151l sz\u00e1rmaz\u00f3 hirdet\u00e9skiszolg\u00e1l\u00f3k adatv\u00e9delmi ir\u00e1nyelveit. Ezek tartalmazhatj\u00e1k a gyakorlatukat \u00e9s az egyes lehet\u0151s\u00e9gek letilt\u00e1s\u00e1ra vonatkoz\u00f3 utas\u00edt\u00e1sokat.<\/p><p>A s\u00fctiket az egyes b\u00f6ng\u00e9sz\u0151be\u00e1ll\u00edt\u00e1sokon kereszt\u00fcl letilthatja. Ha r\u00e9szletesebb inform\u00e1ci\u00f3t szeretne kapni az egyes webb\u00f6ng\u00e9sz\u0151k s\u00fctikezel\u00e9s\u00e9r\u0151l, azt az adott b\u00f6ng\u00e9sz\u0151 webhely\u00e9n tal\u00e1lja.<\/p><h4>V\u00e1ltoz\u00e1sok a Yonyou Europe adatv\u00e9delmi ir\u00e1nyelveiben<\/h4><p>A Yonyou Europe id\u0151r\u0151l id\u0151re m\u00f3dos\u00edthatja adatv\u00e9delmi szab\u00e1lyzat\u00e1t.<\/p>\t\t\t\t\t\t\t\t<\/div>\n\t\t\t\t<\/div>\n\t\t\t\t<\/div>\n\t\t\t\t\t<\/div>\n\t\t\t\t<\/div>\n\t\t\t\t<\/div>","protected":false},"excerpt":{"rendered":"<p>A Yonyou Europe-n\u00e1l, amely a https:\/\/yonyou.eu c\u00edmen \u00e9rhet\u0151 el, az egyik f\u0151 priorit\u00e1sunk a l\u00e1togat\u00f3ink adatainak v\u00e9delme. Ez az adatv\u00e9delmi ir\u00e1nyelvek dokumentum tartalmazza a Yonyou Europe \u00e1ltal gy\u0171jt\u00f6tt \u00e9s r\u00f6gz\u00edtett inform\u00e1ci\u00f3k t\u00edpusait, valamint azok felhaszn\u00e1l\u00e1s\u00e1nak m\u00f3dj\u00e1t.<\/p>","protected":false},"author":11,"featured_media":0,"parent":0,"menu_order":0,"comment_status":"closed","ping_status":"closed","template":"","meta":{"footnotes":""},"class_list":["post-176","page","type-page","status-publish","hentry"],"_links":{"self":[{"href":"https:\/\/yonyou.eu\/hu\/wp-json\/wp\/v2\/pages\/176","targetHints":{"allow":["GET"]}}],"collection":[{"href":"https:\/\/yonyou.eu\/hu\/wp-json\/wp\/v2\/pages"}],"about":[{"href":"https:\/\/yonyou.eu\/hu\/wp-json\/wp\/v2\/types\/page"}],"author":[{"embeddable":true,"href":"https:\/\/yonyou.eu\/hu\/wp-json\/wp\/v2\/users\/11"}],"replies":[{"embeddable":true,"href":"https:\/\/yonyou.eu\/hu\/wp-json\/wp\/v2\/comments?post=176"}],"version-history":[{"count":18,"href":"https:\/\/yonyou.eu\/hu\/wp-json\/wp\/v2\/pages\/176\/revisions"}],"predecessor-version":[{"id":10887,"href":"https:\/\/yonyou.eu\/hu\/wp-json\/wp\/v2\/pages\/176\/revisions\/10887"}],"wp:attachment":[{"href":"https:\/\/yonyou.eu\/hu\/wp-json\/wp\/v2\/media?parent=176"}],"curies":[{"name":"wp","href":"https:\/\/api.w.org\/{rel}","templated":true}]}}